{"id":1138,"date":"2023-10-16T14:08:52","date_gmt":"2023-10-16T20:08:52","guid":{"rendered":"https:\/\/facturacion.co.cr\/site\/?page_id=1138"},"modified":"2026-03-09T17:47:16","modified_gmt":"2026-03-09T23:47:16","slug":"inicio","status":"publish","type":"page","link":"https:\/\/facturacion.co.cr\/site\/inicio\/","title":{"rendered":"INICIO"},"content":{"rendered":"<section class=\"wpb-content-wrapper\"><p>[vc_row][vc_column][vc_empty_space][vc_gallery type=&#8221;flexslider_slide&#8221; interval=&#8221;3&#8243; images=&#8221;1315,1384&#8243; img_size=&#8221;full&#8221; onclick=&#8221;custom_link&#8221; css_animation=&#8221;appear&#8221; custom_links=&#8221;#E-8_aHR0cHMlM0ElMkYlMkZmZS5mYWN0dXJhY2lvbi5jby5jciUyRmZlJTJGaW5zY3JpcGNpb25lc0JOQ1IlMkZpbnNjcmlwY2lvbi5waHAlM0ZpZCUzRDU4JTJDaHR0cHMlM0ElMkYlMkZmYWN0dXJhY2lvbi5jby5jciUyRnNpdGUlMkZwcnVlYmFsbyUyRg==&#8221;][vc_column_text]<\/p>\n<h2 style=\"text-align: center;\"><span style=\"color: #000080;\"><strong>MUCHO M\u00c1S QUE FACTURA ELECTR\u00d3NICA<\/strong><\/span><\/h2>\n<h5 style=\"text-align: center;\"><span style=\"color: #000000;\">SOMOS DESARROLLADORES E INNOVADORES DE TECNOLOG\u00cdA, <\/span><span style=\"color: #000000;\">MIRA LO QUE PODEMOS HACER:<\/span><\/h5>\n<p>[\/vc_column_text][\/vc_column][\/vc_row][vc_row][vc_column][\/vc_column][\/vc_row][vc_row][vc_column width=&#8221;1\/2&#8243;][vc_column_text]<\/p>\n<h6>Creamos las herramientas que necesitas A LA MEDIDA de tu negocio.<\/h6>\n<p>[\/vc_column_text][vc_video link=&#8221;https:\/\/youtube.com\/shorts\/p94SyejdiJY?si=Dtjk7WaGweS2KkVf&#8221;][\/vc_column][vc_column width=&#8221;1\/2&#8243;][vc_column_text]<\/p>\n<div class=\"wp-block-columns\">\n<div class=\"wp-block-column\" style=\"text-align: center;\">\n<h6 class=\"wp-block-embed is-type-video is-provider-youtube wp-block-embed-youtube wp-embed-aspect-16-9 wp-has-aspect-ratio\" style=\"text-align: left;\">Pioneros en facturaci\u00f3n por WhatsApp en TODOS nuestros planes<\/h6>\n<\/div>\n<\/div>\n<p>[\/vc_column_text][vc_video link=&#8221;https:\/\/youtube.com\/shorts\/CvQbwCCgLvY?si=FKAmJGr3ZJDXysqL&#8221; align=&#8221;right&#8221;][\/vc_column][\/vc_row][vc_row][vc_column][vc_column_text]<\/p>\n<h3 style=\"text-align: center;\"><span style=\"color: #000080;\">ELIJE TU PLAN POR VOLUMEN DE DOCUMENTOS Y HERRAMIENTAS<\/span><\/h3>\n<h5 style=\"text-align: center;\">Presiona en la imagen para aperturar tu cuenta<\/h5>\n<p>[\/vc_column_text][\/vc_column][vc_column][\/vc_column][\/vc_row][vc_row][vc_column width=&#8221;1\/4&#8243;][vc_single_image image=&#8221;1308&#8243; style=&#8221;vc_box_shadow&#8221;][vc_btn title=&#8221;Comprar Plan 25 Documentos&#8221; style=&#8221;outline&#8221; color=&#8221;turquoise&#8221; align=&#8221;center&#8221; button_block=&#8221;true&#8221; link=&#8221;url:https%3A%2F%2Ffe.facturacion.co.cr%2Ffe%2FinscripcionesBNCR%2Finscripcion.php%3Fid%3D57|title:Comprar%2025%20docs|target:_blank&#8221;][\/vc_column][vc_column width=&#8221;1\/4&#8243;][vc_single_image image=&#8221;1309&#8243; style=&#8221;vc_box_shadow&#8221;][vc_btn title=&#8221;Comprar Plan 120 Documentos&#8221; style=&#8221;outline&#8221; color=&#8221;turquoise&#8221; align=&#8221;center&#8221; button_block=&#8221;true&#8221; link=&#8221;url:https%3A%2F%2Ffe.facturacion.co.cr%2Ffe%2FinscripcionesBNCR%2Finscripcion.php%3Fid%3D60|title:Comprar%20Plan%20120%20Documentos&#8221;][\/vc_column][vc_column width=&#8221;1\/4&#8243;][vc_single_image image=&#8221;1310&#8243; style=&#8221;vc_box_shadow&#8221;][vc_btn title=&#8221;Comprar Plan de Servicios&#8221; style=&#8221;outline&#8221; color=&#8221;turquoise&#8221; align=&#8221;center&#8221; button_block=&#8221;true&#8221; link=&#8221;url:https%3A%2F%2Ffe.facturacion.co.cr%2Ffe%2FinscripcionesBNCR%2Finscripcion.php%3Fid%3D58|title:Comprar%20Plan%20Servicios|target:_blank&#8221;][\/vc_column][vc_column width=&#8221;1\/4&#8243;][vc_single_image image=&#8221;1312&#8243; style=&#8221;vc_box_shadow&#8221;][vc_btn title=&#8221;Comprar Plan de Comercios&#8221; style=&#8221;outline&#8221; color=&#8221;turquoise&#8221; align=&#8221;center&#8221; button_block=&#8221;true&#8221; link=&#8221;url:https%3A%2F%2Ffe.facturacion.co.cr%2Ffe%2FinscripcionesBNCR%2Finscripcion.php%3Fid%3D59|title:Comprar%20Plan%20Comercios|target:_blank&#8221;][\/vc_column][\/vc_row][vc_row][vc_column][vc_column_text]<\/p>\n<p class=\"has-text-align-center\"><strong>Somos una empresa costarricense con planes anuales que solucionan su emisi\u00f3n y recepci\u00f3n de documentos electr\u00f3nicos para la facturaci\u00f3n electr\u00f3nica, debidamente inscritos en el Ministerio de Hacienda y cumplimos con la Resoluci\u00f3n DGT-02-2009, sus reformas y debidas actualizaciones.<\/strong><\/p>\n<p><!-- \/wp:post-content -->&nbsp;<\/p>\n<!-- wp:paragraph {\"align\":\"center\"} -->\n<p class=\"has-text-align-center\">Listos para darte el mejor servicio y soporte en tu uso de la plataforma \ud83d\ude0a\ud83d\udcbb<\/p>\n<p>[\/vc_column_text][\/vc_column][\/vc_row]<\/p>\n<\/section>","protected":false},"excerpt":{"rendered":"<p>[vc_row][vc_column][vc_empty_space][vc_gallery type=&#8221;flexslider_slide&#8221; interval=&#8221;3&#8243; images=&#8221;1315,1384&#8243; img_size=&#8221;full&#8221; onclick=&#8221;custom_link&#8221; css_animation=&#8221;appear&#8221; custom_links=&#8221;#E-8_aHR0cHMlM0ElMkYlMkZmZS5mYWN0dXJhY2lvbi5jby5jciUyRmZlJTJGaW5zY3JpcGNpb25lc0JOQ1IlMkZpbnNjcmlwY2lvbi5waHAlM0ZpZCUzRDU4JTJDaHR0cHMlM0ElMkYlMkZmYWN0dXJhY2lvbi5jby5jciUyRnNpdGUlMkZwcnVlYmFsbyUyRg==&#8221;][vc_column_text] MUCHO M\u00c1S QUE FACTURA ELECTR\u00d3NICA SOMOS DESARROLLADORES E INNOVADORES DE TECNOLOG\u00cdA, MIRA LO QUE PODEMOS HACER: [\/vc_column_text][\/vc_column][\/vc_row][vc_row][vc_column][\/vc_column][\/vc_row][vc_row][vc_column width=&#8221;1\/2&#8243;][vc_column_text] Creamos las herramientas que necesitas A LA MEDIDA de tu negocio. [\/vc_column_text][vc_video link=&#8221;https:\/\/youtube.com\/shorts\/p94SyejdiJY?si=Dtjk7WaGweS2KkVf&#8221;][\/vc_column][vc_column width=&#8221;1\/2&#8243;][vc_column_text] Pioneros en facturaci\u00f3n por WhatsApp en TODOS nuestros planes [\/vc_column_text][vc_video link=&#8221;https:\/\/youtube.com\/shorts\/CvQbwCCgLvY?si=FKAmJGr3ZJDXysqL&#8221; align=&#8221;right&#8221;][\/vc_column][\/vc_row][vc_row][vc_column][vc_column_text] ELIJE TU PLAN&hellip;&nbsp;<a href=\"https:\/\/facturacion.co.cr\/site\/inicio\/\" class=\"\" rel=\"bookmark\">Leer m\u00e1s &raquo;<span class=\"screen-reader-text\">INICIO<\/span><\/a><\/p>\n","protected":false},"author":1,"featured_media":0,"parent":0,"menu_order":1,"comment_status":"closed","ping_status":"closed","template":"","meta":{"neve_meta_sidebar":"full-width","neve_meta_container":"","neve_meta_enable_content_width":"off","neve_meta_content_width":100,"neve_meta_title_alignment":"","neve_meta_author_avatar":"","neve_post_elements_order":"","neve_meta_disable_header":"","neve_meta_disable_footer":"","neve_meta_disable_title":"on","_themeisle_gutenberg_block_has_review":false,"footnotes":""},"class_list":["post-1138","page","type-page","status-publish","hentry"],"yoast_head":"<!-- This site is optimized with the Yoast SEO plugin v22.9 - https:\/\/yoast.com\/wordpress\/plugins\/seo\/ -->\n<title>INICIO - facturacion.co.cr<\/title>\n<meta name=\"robots\" content=\"index, follow, max-snippet:-1, max-image-preview:large, max-video-preview:-1\" \/>\n<link rel=\"canonical\" href=\"https:\/\/facturacion.co.cr\/site\/inicio\/\" \/>\n<meta property=\"og:locale\" content=\"es_ES\" \/>\n<meta property=\"og:type\" content=\"article\" \/>\n<meta property=\"og:title\" content=\"INICIO - facturacion.co.cr\" \/>\n<meta property=\"og:description\" content=\"[vc_row][vc_column][vc_empty_space][vc_gallery type=&#8221;flexslider_slide&#8221; interval=&#8221;3&#8243; images=&#8221;1315,1384&#8243; img_size=&#8221;full&#8221; onclick=&#8221;custom_link&#8221; css_animation=&#8221;appear&#8221; custom_links=&#8221;#E-8_aHR0cHMlM0ElMkYlMkZmZS5mYWN0dXJhY2lvbi5jby5jciUyRmZlJTJGaW5zY3JpcGNpb25lc0JOQ1IlMkZpbnNjcmlwY2lvbi5waHAlM0ZpZCUzRDU4JTJDaHR0cHMlM0ElMkYlMkZmYWN0dXJhY2lvbi5jby5jciUyRnNpdGUlMkZwcnVlYmFsbyUyRg==&#8221;][vc_column_text] MUCHO M\u00c1S QUE FACTURA ELECTR\u00d3NICA SOMOS DESARROLLADORES E INNOVADORES DE TECNOLOG\u00cdA, MIRA LO QUE PODEMOS HACER: [\/vc_column_text][\/vc_column][\/vc_row][vc_row][vc_column][\/vc_column][\/vc_row][vc_row][vc_column width=&#8221;1\/2&#8243;][vc_column_text] Creamos las herramientas que necesitas A LA MEDIDA de tu negocio. [\/vc_column_text][vc_video link=&#8221;https:\/\/youtube.com\/shorts\/p94SyejdiJY?si=Dtjk7WaGweS2KkVf&#8221;][\/vc_column][vc_column width=&#8221;1\/2&#8243;][vc_column_text] Pioneros en facturaci\u00f3n por WhatsApp en TODOS nuestros planes [\/vc_column_text][vc_video link=&#8221;https:\/\/youtube.com\/shorts\/CvQbwCCgLvY?si=FKAmJGr3ZJDXysqL&#8221; align=&#8221;right&#8221;][\/vc_column][\/vc_row][vc_row][vc_column][vc_column_text] ELIJE TU PLAN&hellip;&nbsp;Leer m\u00e1s &raquo;INICIO\" \/>\n<meta property=\"og:url\" content=\"https:\/\/facturacion.co.cr\/site\/inicio\/\" \/>\n<meta property=\"og:site_name\" content=\"facturacion.co.cr\" \/>\n<meta property=\"article:modified_time\" content=\"2026-03-09T23:47:16+00:00\" \/>\n<meta name=\"twitter:card\" content=\"summary_large_image\" \/>\n<meta name=\"twitter:label1\" content=\"Tiempo de lectura\" \/>\n\t<meta name=\"twitter:data1\" content=\"2 minutos\" \/>\n<script type=\"application\/ld+json\" class=\"yoast-schema-graph\">{\"@context\":\"https:\/\/schema.org\",\"@graph\":[{\"@type\":\"WebPage\",\"@id\":\"https:\/\/facturacion.co.cr\/site\/inicio\/\",\"url\":\"https:\/\/facturacion.co.cr\/site\/inicio\/\",\"name\":\"INICIO - facturacion.co.cr\",\"isPartOf\":{\"@id\":\"https:\/\/facturacion.co.cr\/site\/#website\"},\"datePublished\":\"2023-10-16T20:08:52+00:00\",\"dateModified\":\"2026-03-09T23:47:16+00:00\",\"inLanguage\":\"es\",\"potentialAction\":[{\"@type\":\"ReadAction\",\"target\":[\"https:\/\/facturacion.co.cr\/site\/inicio\/\"]}]},{\"@type\":\"WebSite\",\"@id\":\"https:\/\/facturacion.co.cr\/site\/#website\",\"url\":\"https:\/\/facturacion.co.cr\/site\/\",\"name\":\"facturacion.co.cr\",\"description\":\"facturaci\u00f3n electr\u00f3nica\",\"publisher\":{\"@id\":\"https:\/\/facturacion.co.cr\/site\/#organization\"},\"potentialAction\":[{\"@type\":\"SearchAction\",\"target\":{\"@type\":\"EntryPoint\",\"urlTemplate\":\"https:\/\/facturacion.co.cr\/site\/?s={search_term_string}\"},\"query-input\":\"required name=search_term_string\"}],\"inLanguage\":\"es\"},{\"@type\":\"Organization\",\"@id\":\"https:\/\/facturacion.co.cr\/site\/#organization\",\"name\":\"facturacion.co.cr\",\"url\":\"https:\/\/facturacion.co.cr\/site\/\",\"logo\":{\"@type\":\"ImageObject\",\"inLanguage\":\"es\",\"@id\":\"https:\/\/facturacion.co.cr\/site\/#\/schema\/logo\/image\/\",\"url\":\"https:\/\/facturacion.co.cr\/site\/wp-content\/uploads\/2023\/10\/Captura2-removebg-preview.png\",\"contentUrl\":\"https:\/\/facturacion.co.cr\/site\/wp-content\/uploads\/2023\/10\/Captura2-removebg-preview.png\",\"width\":503,\"height\":181,\"caption\":\"facturacion.co.cr\"},\"image\":{\"@id\":\"https:\/\/facturacion.co.cr\/site\/#\/schema\/logo\/image\/\"}}]}<\/script>\n<!-- \/ Yoast SEO plugin. -->","yoast_head_json":{"title":"INICIO - facturacion.co.cr","robots":{"index":"index","follow":"follow","max-snippet":"max-snippet:-1","max-image-preview":"max-image-preview:large","max-video-preview":"max-video-preview:-1"},"canonical":"https:\/\/facturacion.co.cr\/site\/inicio\/","og_locale":"es_ES","og_type":"article","og_title":"INICIO - facturacion.co.cr","og_description":"[vc_row][vc_column][vc_empty_space][vc_gallery type=&#8221;flexslider_slide&#8221; interval=&#8221;3&#8243; images=&#8221;1315,1384&#8243; img_size=&#8221;full&#8221; onclick=&#8221;custom_link&#8221; css_animation=&#8221;appear&#8221; custom_links=&#8221;#E-8_aHR0cHMlM0ElMkYlMkZmZS5mYWN0dXJhY2lvbi5jby5jciUyRmZlJTJGaW5zY3JpcGNpb25lc0JOQ1IlMkZpbnNjcmlwY2lvbi5waHAlM0ZpZCUzRDU4JTJDaHR0cHMlM0ElMkYlMkZmYWN0dXJhY2lvbi5jby5jciUyRnNpdGUlMkZwcnVlYmFsbyUyRg==&#8221;][vc_column_text] MUCHO M\u00c1S QUE FACTURA ELECTR\u00d3NICA SOMOS DESARROLLADORES E INNOVADORES DE TECNOLOG\u00cdA, MIRA LO QUE PODEMOS HACER: [\/vc_column_text][\/vc_column][\/vc_row][vc_row][vc_column][\/vc_column][\/vc_row][vc_row][vc_column width=&#8221;1\/2&#8243;][vc_column_text] Creamos las herramientas que necesitas A LA MEDIDA de tu negocio. [\/vc_column_text][vc_video link=&#8221;https:\/\/youtube.com\/shorts\/p94SyejdiJY?si=Dtjk7WaGweS2KkVf&#8221;][\/vc_column][vc_column width=&#8221;1\/2&#8243;][vc_column_text] Pioneros en facturaci\u00f3n por WhatsApp en TODOS nuestros planes [\/vc_column_text][vc_video link=&#8221;https:\/\/youtube.com\/shorts\/CvQbwCCgLvY?si=FKAmJGr3ZJDXysqL&#8221; align=&#8221;right&#8221;][\/vc_column][\/vc_row][vc_row][vc_column][vc_column_text] ELIJE TU PLAN&hellip;&nbsp;Leer m\u00e1s &raquo;INICIO","og_url":"https:\/\/facturacion.co.cr\/site\/inicio\/","og_site_name":"facturacion.co.cr","article_modified_time":"2026-03-09T23:47:16+00:00","twitter_card":"summary_large_image","twitter_misc":{"Tiempo de lectura":"2 minutos"},"schema":{"@context":"https:\/\/schema.org","@graph":[{"@type":"WebPage","@id":"https:\/\/facturacion.co.cr\/site\/inicio\/","url":"https:\/\/facturacion.co.cr\/site\/inicio\/","name":"INICIO - facturacion.co.cr","isPartOf":{"@id":"https:\/\/facturacion.co.cr\/site\/#website"},"datePublished":"2023-10-16T20:08:52+00:00","dateModified":"2026-03-09T23:47:16+00:00","inLanguage":"es","potentialAction":[{"@type":"ReadAction","target":["https:\/\/facturacion.co.cr\/site\/inicio\/"]}]},{"@type":"WebSite","@id":"https:\/\/facturacion.co.cr\/site\/#website","url":"https:\/\/facturacion.co.cr\/site\/","name":"facturacion.co.cr","description":"facturaci\u00f3n electr\u00f3nica","publisher":{"@id":"https:\/\/facturacion.co.cr\/site\/#organization"},"potentialAction":[{"@type":"SearchAction","target":{"@type":"EntryPoint","urlTemplate":"https:\/\/facturacion.co.cr\/site\/?s={search_term_string}"},"query-input":"required name=search_term_string"}],"inLanguage":"es"},{"@type":"Organization","@id":"https:\/\/facturacion.co.cr\/site\/#organization","name":"facturacion.co.cr","url":"https:\/\/facturacion.co.cr\/site\/","logo":{"@type":"ImageObject","inLanguage":"es","@id":"https:\/\/facturacion.co.cr\/site\/#\/schema\/logo\/image\/","url":"https:\/\/facturacion.co.cr\/site\/wp-content\/uploads\/2023\/10\/Captura2-removebg-preview.png","contentUrl":"https:\/\/facturacion.co.cr\/site\/wp-content\/uploads\/2023\/10\/Captura2-removebg-preview.png","width":503,"height":181,"caption":"facturacion.co.cr"},"image":{"@id":"https:\/\/facturacion.co.cr\/site\/#\/schema\/logo\/image\/"}}]}},"_links":{"self":[{"href":"https:\/\/facturacion.co.cr\/site\/wp-json\/wp\/v2\/pages\/1138","targetHints":{"allow":["GET"]}}],"collection":[{"href":"https:\/\/facturacion.co.cr\/site\/wp-json\/wp\/v2\/pages"}],"about":[{"href":"https:\/\/facturacion.co.cr\/site\/wp-json\/wp\/v2\/types\/page"}],"author":[{"embeddable":true,"href":"https:\/\/facturacion.co.cr\/site\/wp-json\/wp\/v2\/users\/1"}],"replies":[{"embeddable":true,"href":"https:\/\/facturacion.co.cr\/site\/wp-json\/wp\/v2\/comments?post=1138"}],"version-history":[{"count":95,"href":"https:\/\/facturacion.co.cr\/site\/wp-json\/wp\/v2\/pages\/1138\/revisions"}],"predecessor-version":[{"id":1392,"href":"https:\/\/facturacion.co.cr\/site\/wp-json\/wp\/v2\/pages\/1138\/revisions\/1392"}],"wp:attachment":[{"href":"https:\/\/facturacion.co.cr\/site\/wp-json\/wp\/v2\/media?parent=1138"}],"curies":[{"name":"wp","href":"https:\/\/api.w.org\/{rel}","templated":true}]}}