{"id":998,"date":"2023-10-12T12:03:12","date_gmt":"2023-10-12T18:03:12","guid":{"rendered":"https:\/\/facturacion.co.cr\/site\/?page_id=998"},"modified":"2023-10-17T11:14:49","modified_gmt":"2023-10-17T17:14:49","slug":"diccionario","status":"publish","type":"page","link":"https:\/\/facturacion.co.cr\/site\/diccionario\/","title":{"rendered":"DICCIONARIO"},"content":{"rendered":"\r\n<p class=\"has-text-align-center has-ast-global-color-1-color has-text-color has-medium-font-size\" style=\"margin-top: 0; margin-bottom: 0;\"><span style=\"font-size: 12pt;\">Es importante que conozcas estos conceptos del mundo de la factura electr\u00f3nica, <\/span><\/p>\r\n\r\n\r\n\r\n<p class=\"has-text-align-center has-ast-global-color-1-color has-text-color has-medium-font-size\" style=\"margin-top: 0; margin-bottom: 0;\"><span style=\"font-size: 12pt;\">\u00a1y te acompa\u00f1amos en el proceso de aprenderlos!<\/span><\/p>\r\n\r\n\r\n\r\n<p>&nbsp;<\/p>\r\n\r\n\r\n\r\n<p>\u00bfQu\u00e9 es la Facturaci\u00f3n Electr\u00f3nica? Es una modalidad de factura en formato electr\u00f3nico, en la que no es necesario el papel para demostrar su autenticidad; y se diferencia de la factura en papel ya que es generado, expresado y transmitido en formato electr\u00f3nico.<\/p>\r\n\r\n\r\n\r\n<div class=\"wp-block-group\"><div class=\"wp-block-group__inner-container is-layout-constrained wp-block-group-is-layout-constrained\">\r\n<h3 id=\"wp-block-themeisle-blocks-advanced-heading-7e5baef5\" class=\"wp-block-themeisle-blocks-advanced-heading wp-block-themeisle-blocks-advanced-heading-7e5baef5\"><strong>Pasos para utilizar la Factura Electr\u00f3nica:<\/strong><\/h3>\r\n\r\n\r\n\r\n<ol class=\"wp-block-list\">\r\n<li>Inscr\u00edbase en el Ministerio de Hacienda, puede hacerlo en este enlace: <a href=\"https:\/\/tribunet.hacienda.go.cr\/inscriptipopersona.jsp\">https:\/\/tribunet.hacienda.go.cr\/inscriptipopersona.jsp<\/a> y completar el formulario.<\/li>\r\n\r\n\r\n\r\n<li>Elija el plan que m\u00e1s se adec\u00fae a sus necesidades en <a href=\"https:\/\/facturacion.co.cr\/planes-3\/\">facturacion.co.cr<\/a><\/li>\r\n\r\n\r\n\r\n<li>Configuramos su llave criptogr\u00e1fica (para que pueda comunicarse con el Ministerio de Hacienda).<\/li>\r\n\r\n\r\n\r\n<li>Listo.<\/li>\r\n<\/ol>\r\n<\/div><\/div>\r\n\r\n\r\n\r\n<h6 id=\"wp-block-themeisle-blocks-advanced-heading-0d5682d4\" class=\"wp-block-themeisle-blocks-advanced-heading wp-block-themeisle-blocks-advanced-heading-0d5682d4\"><span style=\"font-size: 14pt;\"><strong>\u00bfQu\u00e9 sucede si no se apega a La Legislaci\u00f3n en referente al Uso de la Factura Electr\u00f3nica?<\/strong><\/span> <span style=\"font-size: 14pt;\">Usted o su negocio, podr\u00edan hacerse acreedores por la infracci\u00f3n administrativa establecida en los art\u00edculos 85 y 86 del C\u00f3digo de Normas y Procedimientos Tributarios, los cuales indican lo siguiente:<\/span><\/h6>\r\n\r\n\r\n\r\n<blockquote class=\"wp-block-quote is-layout-flow wp-block-quote-is-layout-flow\">\r\n<p>&nbsp;<\/p>\r\n<cite><em>Art\u00edculo 85.- No emisi\u00f3n de facturas Se sancionar\u00e1 con multa equivalente a un salario base, a los sujetos pasivos y declarantes que no emitan las facturas ni los comprobantes, debidamente autorizados por la Administraci\u00f3n Tributaria.<\/em><\/cite><\/blockquote>\r\n\r\n\r\n\r\n<blockquote class=\"wp-block-quote is-layout-flow wp-block-quote-is-layout-flow\">\r\n<p>&nbsp;<\/p>\r\n<cite><em>Art\u00edculo 86.- Causales de cierre de negocio La Administraci\u00f3n Tributaria queda facultada para ordenar el cierre, por un plazo de cinco d\u00edas naturales, del establecimiento de comercio, industria, oficina o sitio donde se ejerza la actividad u oficio, en el cual se cometi\u00f3 la infracci\u00f3n, a los sujetos pasivos o declarantes que reincidan en no emitir facturas ni comprobantes debidamente autorizados por la Administraci\u00f3n Tributaria o en no entreg\u00e1rselos al cliente en el acto de compra, venta o prestaci\u00f3n del servicio. Se considerar\u00e1 que se configura la reincidencia cuando, existiendo resoluci\u00f3n firme de la Administraci\u00f3n Tributaria o resoluci\u00f3n del Tribunal Fiscal Administrativo que ordena la sanci\u00f3n correspondiente por alguna de las causales arriba indicadas, el sujeto pasivo incurra en cualquiera de ellas, dentro del plazo de prescripci\u00f3n contado a partir de la emisi\u00f3n de la resoluci\u00f3n.<\/em><\/cite><\/blockquote>\r\n\r\n\r\n\r\n<p>&nbsp;<\/p>\r\n\r\n\r\n\r\n<p class=\"has-ast-global-color-1-color has-text-color\" style=\"margin-top: var(--wp--preset--spacing--40); margin-bottom: var(--wp--preset--spacing--40); font-size: 28px;\"><strong>La llave crip-to-gr\u00e1-fi-ca <\/strong><\/p>\r\n\r\n\r\n\r\n<p class=\"has-ast-global-color-1-color has-text-color\" style=\"margin-top: var(--wp--preset--spacing--20); margin-bottom: var(--wp--preset--spacing--20); font-size: 24px;\"><strong>\u00bfQu\u00e9 es y que tiene que ver con facturar?<\/strong><\/p>\r\n\r\n\r\n\r\n<p>&nbsp;<\/p>\r\n\r\n\r\n\r\n<p class=\"has-ast-global-color-1-color has-text-color\"><span style=\"font-size: 14pt;\"><strong>Criptograf\u00eda<\/strong><\/span>: <span style=\"font-size: 14pt;\"><strong>\u00bfQu\u00e9 quiere decir? <\/strong><\/span><br \/><span style=\"font-size: 14pt;\">La criptograf\u00eda es la t\u00e9cnica de comunicarse con procedimientos o claves secretas o de un modo enigm\u00e1tico, de tal forma que <strong>lo escrito solamente sea inteligible para quien sepa descifrarlo.<\/strong><\/span><\/p>\r\n\r\n\r\n\r\n<p class=\"has-ast-global-color-1-color has-text-color\"><span style=\"font-size: 14pt;\"><strong>\u00bfY una Llave Criptogr\u00e1fica?<\/strong><\/span> <span style=\"font-size: 14pt;\">Pues se encarga de asociar la identidad de una persona o de un equipo inform\u00e1tico a un documento electr\u00f3nico.<\/span><\/p>\r\n\r\n\r\n\r\n<p class=\"has-ast-global-color-1-color has-text-color\"><span style=\"font-size: 14pt;\"><strong>\u00bfY la llave Criptogr\u00e1fica del Ministerio de Hacienda, que tiene de diferente?<\/strong><\/span><br \/><span style=\"font-size: 14pt;\">Pues esta es la alternativa gratuita para los contribuyentes y su env\u00edo y recepci\u00f3n de documentos electr\u00f3nicos hacia el Ministerio de Hacienda; bajo la misma l\u00f3gica de verificaci\u00f3n de identidad sobre un documento, es que funciona la firma digital, mas esta tiene un costo y no es de uso obligatorio.<\/span><\/p>\r\n\r\n\r\n\r\n<p class=\"has-ast-global-color-1-color has-text-color\"><span style=\"font-size: 14pt;\"><strong>Ventajas de la Llave Criptogr\u00e1fica<\/strong><\/span><br \/><span style=\"font-size: 14pt;\">El proceso de firma es relativamente sencillo en comparaci\u00f3n de otros m\u00e9todos (como la firma digital). Eso permite que los documentos que se env\u00edan <strong>est\u00e9n debidamente firmados<\/strong> y verifiquen la identidad del emisor y el receptor. El tipo de llave criptogr\u00e1fica que utiliza el Ministerio de Hacienda son <span style=\"font-size: 14pt;\"><strong><em>RSA 2048 + SHA-256.<\/em><\/strong> Y se podr\u00e1n utilizar <strong><em>para realizar las firmas XAdES-EPES<\/em><\/strong> de los comprobantes electr\u00f3nicos.<\/span> <\/span><\/p>\r\n\r\n\r\n\r\n<p><span style=\"font-size: 14pt;\"><strong>\u00bfPaso a paso de obtener la Llave Criptogr\u00e1fica?<\/strong><\/span><\/p>\r\n\r\n\r\n\r\n<blockquote class=\"wp-block-quote is-layout-flow wp-block-quote-is-layout-flow\">\r\n<p>&nbsp;<\/p>\r\n<cite>1. Ingrese al Sistema de Administraci\u00f3n Tributaria Virtual (ATV), haciendo uso de su usuario, contrase\u00f1a y tarjeta inteligente. <em>En caso de no tener dicho acceso, debe realizar su respectivo registro en el sistema del Ministerio de Hacienda.<\/em><br \/>2. Al ingresar, presione en el men\u00fa de &#8220;<strong>Comprobantes Electr\u00f3nicos<\/strong>&#8220;.<br \/>3. Si ya ha generado una llave criptogr\u00e1fica antes, dir\u00edjase a &#8220;<strong>Revocar Llave Criptogr\u00e1fica en Producci\u00f3n<\/strong>&#8221; y siga el proceso.<br \/>4. Si es la primera vez, puede comenzar directamente en &#8220;<strong>Generar Llave Criptogr\u00e1fica en producci\u00f3n<\/strong>&#8220;, ingrese un PIN de 4 n\u00fameros y recu\u00e9rdelo; ahora presione en <strong>GENERAR <\/strong>y luego en <strong>DESCARGAR<\/strong>.<br \/>5. Guarde el archivo en su computadora.<br \/>6. Dir\u00edjase a &#8220;<strong>Comprobantes Electr\u00f3nicos<\/strong>&#8220;, seguido de &#8220;<strong>Generar contrase\u00f1a en producci\u00f3n<\/strong>&#8220;. Al cambiar la pantalla, presione &#8220;<strong>Aceptar<\/strong>&#8220;.<br \/>7. Podr\u00e1 visualizar un <strong>usuario de ingreso <\/strong>(con formato similar a una cuenta de correo) y una <strong>contrase\u00f1a de ingreso<\/strong>, copie los datos e ingr\u00e9selos en su sistema de facturaci\u00f3n.<br \/>8. Ya podr\u00e1 comenzar a emitir documentos y comunicarse directamente con el Ministerio de Hacienda.<\/cite><\/blockquote>\r\n\r\n\r\n\r\n<p class=\"&lt;p style=&quot;color: #000945&quot;&gt;\" style=\"font-size: 20px; line-height: 1.7;\"><span style=\"font-size: 14pt;\"><strong>Ahora agregue esta informaci\u00f3n en su sistema de facturaci\u00f3n<\/strong><\/span><\/p>\r\n\r\n\r\n\r\n<ul class=\"wp-block-list\">\r\n<li><span style=\"font-size: 14pt;\">Ingrese a <a href=\"http:\/\/www.facturacion.co.cr\">www.facturacion.co.cr<\/a> con su cuenta. <\/span><\/li>\r\n\r\n\r\n\r\n<li><span style=\"font-size: 14pt;\">Seguido de &#8220;<strong>configuraciones<\/strong>&#8220;, &#8220;<strong>empresas<\/strong>&#8220;, elija la empresa y presione en <span style=\"font-size: 14pt;\"><strong>editar<\/strong>. <\/span><\/span><\/li>\r\n\r\n\r\n\r\n<li><span style=\"font-size: 14pt;\"><span style=\"font-size: 14pt;\">Ahora dir\u00edjase a la pesta\u00f1a de <strong>Hacienda <\/strong>e ingrese la informaci\u00f3n suministrada por el Ministerio de Hacienda seg\u00fan corresponda.<\/span><\/span><\/li>\r\n<\/ul>\r\n\r\n\r\n\r\n<p>&nbsp;<\/p>\r\n\r\n\r\n\r\n<h6 id=\"wp-block-themeisle-blocks-advanced-heading-71c6a99f\" class=\"wp-block-themeisle-blocks-advanced-heading wp-block-themeisle-blocks-advanced-heading-71c6a99f\"><strong><span style=\"font-size: 14pt;\">Como fue mencionado con anterioridad, aprendamos qu\u00e9 es la Firma Digital<\/span>:<\/strong><\/h6>\r\n\r\n\r\n\r\n<p id=\"wp-block-themeisle-blocks-advanced-heading-bdaf00a1\" class=\"wp-block-themeisle-blocks-advanced-heading wp-block-themeisle-blocks-advanced-heading-bdaf00a1\"><span style=\"font-size: 14pt;\">Una firma digital es un esquema matem\u00e1tico que sirve para demostrar la autenticidad de un mensaje digital o de un documento electr\u00f3nico y le da al destinatario, la seguridad de que el mensaje fue creado por el remitente que firma y que no fue alterado durante la transmisi\u00f3n. Incluye un certificado completo con lector y tarjeta. Y el entre certificador de este es el Banco Central de Costa Rica, como <span style=\"font-size: 14pt;\">Autoridad Certificadora del SINPE (CA SINPE &#8211; Persona F\u00edsica)<\/span><\/span>.<\/p>\r\n\r\n\r\n\r\n<p><span style=\"font-size: 14pt;\"><strong>Costo y adquisici\u00f3n de una firma digital<\/strong><\/span><br \/><span style=\"font-size: 14pt;\">Esta herramienta es \u00fatil para la seguridad suya y de quienes reciben datos de su parte; m\u00e1s no tiene validez en la facturaci\u00f3n electr\u00f3nica, si desea adquirirlo con otro fin el paquete completo posee est\u00e1 entre $35 y $69 y puede adquirirlo en los principales bancos privados y p\u00fablicos mediante cita previa<\/span>.<\/p>\r\n\r\n\r\n\r\n<div class=\"wp-block-group\"><div class=\"wp-block-group__inner-container is-layout-constrained wp-block-group-is-layout-constrained\">\r\n<p><span style=\"font-size: 14pt;\"><strong>Para su facilidad, estas son las leyes vigentes sobre Facturaci\u00f3n Electr\u00f3nica<\/strong><\/span><strong>:<\/strong><\/p>\r\n\r\n\r\n\r\n<blockquote class=\"wp-block-quote is-layout-flow wp-block-quote-is-layout-flow\">\r\n<p>&nbsp;<\/p>\r\n<cite><strong><a href=\"https:\/\/drive.google.com\/open?id=1yqbGXah1WGJ4SNnwhlu97LkmqypTc1ll\" target=\"_blank\" rel=\"noreferrer noopener\">DGT-R-21-2017 \u2013 Descargar Documento<\/a><br \/><a href=\"https:\/\/drive.google.com\/open?id=1nLNAWnCgAAFS1WNN6VXS96aPx5RGi2Ao\" target=\"_blank\" rel=\"noreferrer noopener\">DGT-R-25-2017 \u2013 Descargar Documento<\/a><br \/><a href=\"https:\/\/drive.google.com\/open?id=1jea5UdYAga0Kg3hz-177OLqrQGaHysND\" target=\"_blank\" rel=\"noreferrer noopener\">DGT-R-48-2016 \u2013 Descargar Documento<\/a><br \/><a href=\"https:\/\/drive.google.com\/open?id=13iENtPqIxz_-Sk3DPmWjW5NqQlNTnlmb\" target=\"_blank\" rel=\"noreferrer noopener\">DGT-R-51-2016 \u2013 Descargar Documento<\/a><br \/><a href=\"https:\/\/drive.google.com\/open?id=1e4nkwNAcF2G3HowxBjmc0WI0lEVXgqmz\" target=\"_blank\" rel=\"noreferrer noopener\">Fechas de Inicio\u2013 Descargar Documento<\/a><\/strong><\/cite><\/blockquote>\r\n\r\n\r\n\r\n<p>&nbsp;<\/p>\r\n\r\n\r\n\r\n<div class=\"wp-block-group\"><div class=\"wp-block-group__inner-container is-layout-constrained wp-block-group-is-layout-constrained\">\r\n<h6 class=\"wp-block-heading\">Si tiene alguna duda con respecto al proceso o conceptos relacionados, somos especialistas en factura electr\u00f3nica y nos encantar\u00eda responderlas.<\/h6>\r\n\r\n\r\n\r\n<h5 id=\"wp-block-themeisle-blocks-advanced-heading-c605fd6a\" class=\"wp-block-themeisle-blocks-advanced-heading wp-block-themeisle-blocks-advanced-heading-c605fd6a\"><strong>Cont\u00e1ctenos al WhatsApp (506) 8424-1693 o a nuestra central telef\u00f3nica: 4001-6292<\/strong>.<\/h5>\r\n<\/div><\/div>\r\n<\/div><\/div>\r\n\r\n\r\n\r\n<p>&nbsp;<\/p>\r\n\r\n\r\n\r\n<p>&nbsp;<\/p>\r\n","protected":false},"excerpt":{"rendered":"<p>Es importante que conozcas estos conceptos del mundo de la factura electr\u00f3nica, \u00a1y te acompa\u00f1amos en el proceso de aprenderlos! &nbsp; \u00bfQu\u00e9 es la Facturaci\u00f3n Electr\u00f3nica? Es una modalidad de factura en formato electr\u00f3nico, en la que no es necesario el papel para demostrar su autenticidad; y se diferencia de la factura en papel ya&hellip;&nbsp;<a href=\"https:\/\/facturacion.co.cr\/site\/diccionario\/\" class=\"\" rel=\"bookmark\">Leer m\u00e1s &raquo;<span class=\"screen-reader-text\">DICCIONARIO<\/span><\/a><\/p>\n","protected":false},"author":1,"featured_media":0,"parent":0,"menu_order":0,"comment_status":"closed","ping_status":"closed","template":"","meta":{"neve_meta_sidebar":"full-width","neve_meta_container":"","neve_meta_enable_content_width":"off","neve_meta_content_width":100,"neve_meta_title_alignment":"","neve_meta_author_avatar":"","neve_post_elements_order":"","neve_meta_disable_header":"","neve_meta_disable_footer":"","neve_meta_disable_title":"","_themeisle_gutenberg_block_has_review":false,"footnotes":""},"class_list":["post-998","page","type-page","status-publish","hentry"],"yoast_head":"<!-- This site is optimized with the Yoast SEO plugin v22.9 - https:\/\/yoast.com\/wordpress\/plugins\/seo\/ -->\n<title>DICCIONARIO - facturacion.co.cr<\/title>\n<meta name=\"robots\" content=\"index, follow, max-snippet:-1, max-image-preview:large, max-video-preview:-1\" \/>\n<link rel=\"canonical\" href=\"https:\/\/facturacion.co.cr\/site\/diccionario\/\" \/>\n<meta property=\"og:locale\" content=\"es_ES\" \/>\n<meta property=\"og:type\" content=\"article\" \/>\n<meta property=\"og:title\" content=\"DICCIONARIO - facturacion.co.cr\" \/>\n<meta property=\"og:description\" content=\"Es importante que conozcas estos conceptos del mundo de la factura electr\u00f3nica, \u00a1y te acompa\u00f1amos en el proceso de aprenderlos! &nbsp; \u00bfQu\u00e9 es la Facturaci\u00f3n Electr\u00f3nica? Es una modalidad de factura en formato electr\u00f3nico, en la que no es necesario el papel para demostrar su autenticidad; y se diferencia de la factura en papel ya&hellip;&nbsp;Leer m\u00e1s &raquo;DICCIONARIO\" \/>\n<meta property=\"og:url\" content=\"https:\/\/facturacion.co.cr\/site\/diccionario\/\" \/>\n<meta property=\"og:site_name\" content=\"facturacion.co.cr\" \/>\n<meta property=\"article:modified_time\" content=\"2023-10-17T17:14:49+00:00\" \/>\n<meta name=\"twitter:card\" content=\"summary_large_image\" \/>\n<meta name=\"twitter:label1\" content=\"Tiempo de lectura\" \/>\n\t<meta name=\"twitter:data1\" content=\"3 minutos\" \/>\n<script type=\"application\/ld+json\" class=\"yoast-schema-graph\">{\"@context\":\"https:\/\/schema.org\",\"@graph\":[{\"@type\":\"WebPage\",\"@id\":\"https:\/\/facturacion.co.cr\/site\/diccionario\/\",\"url\":\"https:\/\/facturacion.co.cr\/site\/diccionario\/\",\"name\":\"DICCIONARIO - facturacion.co.cr\",\"isPartOf\":{\"@id\":\"https:\/\/facturacion.co.cr\/site\/#website\"},\"datePublished\":\"2023-10-12T18:03:12+00:00\",\"dateModified\":\"2023-10-17T17:14:49+00:00\",\"inLanguage\":\"es\",\"potentialAction\":[{\"@type\":\"ReadAction\",\"target\":[\"https:\/\/facturacion.co.cr\/site\/diccionario\/\"]}]},{\"@type\":\"WebSite\",\"@id\":\"https:\/\/facturacion.co.cr\/site\/#website\",\"url\":\"https:\/\/facturacion.co.cr\/site\/\",\"name\":\"facturacion.co.cr\",\"description\":\"facturaci\u00f3n electr\u00f3nica\",\"publisher\":{\"@id\":\"https:\/\/facturacion.co.cr\/site\/#organization\"},\"potentialAction\":[{\"@type\":\"SearchAction\",\"target\":{\"@type\":\"EntryPoint\",\"urlTemplate\":\"https:\/\/facturacion.co.cr\/site\/?s={search_term_string}\"},\"query-input\":\"required name=search_term_string\"}],\"inLanguage\":\"es\"},{\"@type\":\"Organization\",\"@id\":\"https:\/\/facturacion.co.cr\/site\/#organization\",\"name\":\"facturacion.co.cr\",\"url\":\"https:\/\/facturacion.co.cr\/site\/\",\"logo\":{\"@type\":\"ImageObject\",\"inLanguage\":\"es\",\"@id\":\"https:\/\/facturacion.co.cr\/site\/#\/schema\/logo\/image\/\",\"url\":\"https:\/\/facturacion.co.cr\/site\/wp-content\/uploads\/2023\/10\/Captura2-removebg-preview.png\",\"contentUrl\":\"https:\/\/facturacion.co.cr\/site\/wp-content\/uploads\/2023\/10\/Captura2-removebg-preview.png\",\"width\":503,\"height\":181,\"caption\":\"facturacion.co.cr\"},\"image\":{\"@id\":\"https:\/\/facturacion.co.cr\/site\/#\/schema\/logo\/image\/\"}}]}<\/script>\n<!-- \/ Yoast SEO plugin. -->","yoast_head_json":{"title":"DICCIONARIO - facturacion.co.cr","robots":{"index":"index","follow":"follow","max-snippet":"max-snippet:-1","max-image-preview":"max-image-preview:large","max-video-preview":"max-video-preview:-1"},"canonical":"https:\/\/facturacion.co.cr\/site\/diccionario\/","og_locale":"es_ES","og_type":"article","og_title":"DICCIONARIO - facturacion.co.cr","og_description":"Es importante que conozcas estos conceptos del mundo de la factura electr\u00f3nica, \u00a1y te acompa\u00f1amos en el proceso de aprenderlos! &nbsp; \u00bfQu\u00e9 es la Facturaci\u00f3n Electr\u00f3nica? Es una modalidad de factura en formato electr\u00f3nico, en la que no es necesario el papel para demostrar su autenticidad; y se diferencia de la factura en papel ya&hellip;&nbsp;Leer m\u00e1s &raquo;DICCIONARIO","og_url":"https:\/\/facturacion.co.cr\/site\/diccionario\/","og_site_name":"facturacion.co.cr","article_modified_time":"2023-10-17T17:14:49+00:00","twitter_card":"summary_large_image","twitter_misc":{"Tiempo de lectura":"3 minutos"},"schema":{"@context":"https:\/\/schema.org","@graph":[{"@type":"WebPage","@id":"https:\/\/facturacion.co.cr\/site\/diccionario\/","url":"https:\/\/facturacion.co.cr\/site\/diccionario\/","name":"DICCIONARIO - facturacion.co.cr","isPartOf":{"@id":"https:\/\/facturacion.co.cr\/site\/#website"},"datePublished":"2023-10-12T18:03:12+00:00","dateModified":"2023-10-17T17:14:49+00:00","inLanguage":"es","potentialAction":[{"@type":"ReadAction","target":["https:\/\/facturacion.co.cr\/site\/diccionario\/"]}]},{"@type":"WebSite","@id":"https:\/\/facturacion.co.cr\/site\/#website","url":"https:\/\/facturacion.co.cr\/site\/","name":"facturacion.co.cr","description":"facturaci\u00f3n electr\u00f3nica","publisher":{"@id":"https:\/\/facturacion.co.cr\/site\/#organization"},"potentialAction":[{"@type":"SearchAction","target":{"@type":"EntryPoint","urlTemplate":"https:\/\/facturacion.co.cr\/site\/?s={search_term_string}"},"query-input":"required name=search_term_string"}],"inLanguage":"es"},{"@type":"Organization","@id":"https:\/\/facturacion.co.cr\/site\/#organization","name":"facturacion.co.cr","url":"https:\/\/facturacion.co.cr\/site\/","logo":{"@type":"ImageObject","inLanguage":"es","@id":"https:\/\/facturacion.co.cr\/site\/#\/schema\/logo\/image\/","url":"https:\/\/facturacion.co.cr\/site\/wp-content\/uploads\/2023\/10\/Captura2-removebg-preview.png","contentUrl":"https:\/\/facturacion.co.cr\/site\/wp-content\/uploads\/2023\/10\/Captura2-removebg-preview.png","width":503,"height":181,"caption":"facturacion.co.cr"},"image":{"@id":"https:\/\/facturacion.co.cr\/site\/#\/schema\/logo\/image\/"}}]}},"_links":{"self":[{"href":"https:\/\/facturacion.co.cr\/site\/wp-json\/wp\/v2\/pages\/998","targetHints":{"allow":["GET"]}}],"collection":[{"href":"https:\/\/facturacion.co.cr\/site\/wp-json\/wp\/v2\/pages"}],"about":[{"href":"https:\/\/facturacion.co.cr\/site\/wp-json\/wp\/v2\/types\/page"}],"author":[{"embeddable":true,"href":"https:\/\/facturacion.co.cr\/site\/wp-json\/wp\/v2\/users\/1"}],"replies":[{"embeddable":true,"href":"https:\/\/facturacion.co.cr\/site\/wp-json\/wp\/v2\/comments?post=998"}],"version-history":[{"count":15,"href":"https:\/\/facturacion.co.cr\/site\/wp-json\/wp\/v2\/pages\/998\/revisions"}],"predecessor-version":[{"id":1215,"href":"https:\/\/facturacion.co.cr\/site\/wp-json\/wp\/v2\/pages\/998\/revisions\/1215"}],"wp:attachment":[{"href":"https:\/\/facturacion.co.cr\/site\/wp-json\/wp\/v2\/media?parent=998"}],"curies":[{"name":"wp","href":"https:\/\/api.w.org\/{rel}","templated":true}]}}